{"id":2058,"date":"2026-03-30T13:46:01","date_gmt":"2026-03-30T11:46:01","guid":{"rendered":"https:\/\/ppp4.wroc.pl\/?page_id=2058"},"modified":"2026-03-30T13:46:42","modified_gmt":"2026-03-30T11:46:42","slug":"zasady-wystawiania-faktur-za-posrednictwem-ksef","status":"publish","type":"page","link":"https:\/\/ppp4.wroc.pl\/index.php\/zasady-wystawiania-faktur-za-posrednictwem-ksef\/","title":{"rendered":"Zasady wystawiania faktur za po\u015brednictwem KSeF"},"content":{"rendered":"<div id=\"pl-2058\"  class=\"panel-layout\" ><div id=\"pg-2058-0\"  class=\"panel-grid panel-no-style\" ><div id=\"pgc-2058-0-0\"  class=\"panel-grid-cell\" ><div id=\"panel-2058-0-0-0\" class=\"so-panel widget widget_text panel-first-child panel-last-child\" data-index=\"0\" >\t\t\t<div class=\"textwidget\"><p><strong>Zasady wystawiania faktur za po\u015brednictwem KSeF od dnia 01 lutego 2026 r .<\/strong><br \/>\nJe\u017celi zawarli\u015bcie Pa\u0144stwo umow\u0119 z\u00a0Gmin\u0105 Wroc\u0142aw (Poradnia Psychologiczno-Pedagogiczna nr 4), bardzo prosimy o\u00a0wystawianie faktur za\u00a0\u015bwiadczone us\u0142ugi lub zakupy w\u00a0nast\u0119puj\u0105cy spos\u00f3b:<\/p>\n<p><strong>Nabywca: <\/strong><br \/>\nGmina Wroc\u0142aw,<br \/>\nplac Nowy Targ 1-8,<br \/>\n50-141 Wroc\u0142aw<br \/>\nNIP 8971383551<\/p>\n<p><strong>Odbiorca:<\/strong><br \/>\nPoradnia Psychologiczno-Pedagogiczna nr 4<br \/>\nul.\u00a0Jemio\u0142owa 59 ,<br \/>\n53-426 Wroc\u0142aw<br \/>\nNIP 8942567716<\/p>\n<p>Je\u017celi wystawicie Pa\u0144stwo faktur\u0119 w\u00a0spos\u00f3b wskazany powy\u017cej (tj.\u00a0podacie Pa\u0144stwo na\u00a0fakturze dwa numery NIP), faktura trafi z\u00a0KSeF bezpo\u015brednio do w\u0142a\u015bciwej jednostki. Je\u017celi na\u00a0fakturze nie\u00a0b\u0119dzie podanego numeru NIP jednostki, utrudni i\u00a0wyd\u0142u\u017cy to\u00a0proces przydzielania faktury do\u00a0odpowiedniej jednostki.<br \/>\nBardzo prosimy r\u00f3wnie\u017c o\u00a0podawanie na\u00a0fakturze numeru umowy\/zam\u00f3wienia.<br \/>\nPowy\u017csze zasady dotycz\u0105 faktur wystawionych za\u00a0po\u015brednictwem KSeF od\u00a0dnia 01 lutego 2026 r.<\/p>\n<p>Pola dotycz\u0105ce Podmiot2 (Nabywca)<\/p>\n<table width=\"642\">\n<tbody>\n<tr>\n<td rowspan=\"2\" width=\"170\">Podmiot2<\/p>\n<p>Dane identyfikacyjne<\/td>\n<td width=\"233\">NIP<\/td>\n<td width=\"239\"><strong>8971383551<\/strong><\/td>\n<\/tr>\n<tr>\n<td width=\"233\">Nazwa<\/td>\n<td width=\"239\">Gmina Wroc\u0142aw<\/td>\n<\/tr>\n<tr>\n<td rowspan=\"2\" width=\"170\">Podmiot2<\/p>\n<p>Adres<\/td>\n<td width=\"233\">Kod Kraju<\/td>\n<td width=\"239\">PL<\/td>\n<\/tr>\n<tr>\n<td width=\"233\">Adres<\/td>\n<td width=\"239\">pl. Nowy Targ 1-8,<\/p>\n<p>50-141 Wroc\u0142aw<\/td>\n<\/tr>\n<tr>\n<td rowspan=\"2\" width=\"170\">Podmiot2<\/td>\n<td width=\"233\"><strong>JST<\/strong><\/td>\n<td width=\"239\"><strong>1<\/strong><\/td>\n<\/tr>\n<tr>\n<td width=\"233\">GV<\/td>\n<td width=\"239\">2<\/td>\n<\/tr>\n<\/tbody>\n<\/table>\n<p>Pola dotycz\u0105ce Podmiot3 (Odbiorca)<\/p>\n<table width=\"642\">\n<tbody>\n<tr>\n<td rowspan=\"2\" width=\"170\">Podmiot3<\/p>\n<p>Dane identyfikacyjne<\/td>\n<td width=\"233\">NIP<\/td>\n<td width=\"239\"><strong>8942567716<\/strong><\/td>\n<\/tr>\n<tr>\n<td width=\"233\">Nazwa<\/td>\n<td width=\"239\">Poradnia Psychologiczno- Pedagogiczna nr 4<\/td>\n<\/tr>\n<tr>\n<td rowspan=\"2\" width=\"170\">Podmiot3<\/p>\n<p>Adres<\/td>\n<td width=\"233\">Kod Kraju<\/td>\n<td width=\"239\">PL<\/td>\n<\/tr>\n<tr>\n<td width=\"233\">Adres<\/td>\n<td width=\"239\">ul. Jemio\u0142owa nr 59,<\/p>\n<p>50-427 Wroc\u0142aw<\/td>\n<\/tr>\n<tr>\n<td width=\"170\">Podmiot3<\/td>\n<td width=\"233\"><strong>Rola<\/strong><\/td>\n<td width=\"239\"><strong>8-JST\u00a0\u00a0 (Odbiorca)<\/strong><\/td>\n<\/tr>\n<\/tbody>\n<\/table>\n<p>&nbsp;<\/p>\n<\/div>\n\t\t<\/div><\/div><\/div><\/div>","protected":false},"excerpt":{"rendered":"<p>Zasady wystawiania faktur za po\u015brednictwem KSeF od dnia 01 lutego 2026 r . Je\u017celi zawarli\u015bcie Pa\u0144stwo umow\u0119 z\u00a0Gmin\u0105 Wroc\u0142aw (Poradnia Psychologiczno-Pedagogiczna nr 4), bardzo prosimy o\u00a0wystawianie faktur za\u00a0\u015bwiadczone us\u0142ugi lub zakupy w\u00a0nast\u0119puj\u0105cy spos\u00f3b: Nabywca: Gmina Wroc\u0142aw, plac Nowy Targ 1-8,<\/p>\n","protected":false},"author":3,"featured_media":0,"parent":0,"menu_order":0,"comment_status":"closed","ping_status":"closed","template":"","meta":{"footnotes":""},"class_list":["post-2058","page","type-page","status-publish","hentry"],"rttpg_featured_image_url":null,"rttpg_author":{"display_name":"admin","author_link":"https:\/\/ppp4.wroc.pl\/index.php\/author\/admin\/"},"rttpg_comment":0,"rttpg_category":null,"rttpg_excerpt":"Zasady wystawiania faktur za po\u015brednictwem KSeF od dnia 01 lutego 2026 r . Je\u017celi zawarli\u015bcie Pa\u0144stwo umow\u0119 z\u00a0Gmin\u0105 Wroc\u0142aw (Poradnia Psychologiczno-Pedagogiczna nr 4), bardzo prosimy o\u00a0wystawianie faktur za\u00a0\u015bwiadczone us\u0142ugi lub zakupy w\u00a0nast\u0119puj\u0105cy spos\u00f3b: Nabywca: Gmina Wroc\u0142aw, plac Nowy Targ 1-8,","_links":{"self":[{"href":"https:\/\/ppp4.wroc.pl\/index.php\/wp-json\/wp\/v2\/pages\/2058","targetHints":{"allow":["GET"]}}],"collection":[{"href":"https:\/\/ppp4.wroc.pl\/index.php\/wp-json\/wp\/v2\/pages"}],"about":[{"href":"https:\/\/ppp4.wroc.pl\/index.php\/wp-json\/wp\/v2\/types\/page"}],"author":[{"embeddable":true,"href":"https:\/\/ppp4.wroc.pl\/index.php\/wp-json\/wp\/v2\/users\/3"}],"replies":[{"embeddable":true,"href":"https:\/\/ppp4.wroc.pl\/index.php\/wp-json\/wp\/v2\/comments?post=2058"}],"version-history":[{"count":2,"href":"https:\/\/ppp4.wroc.pl\/index.php\/wp-json\/wp\/v2\/pages\/2058\/revisions"}],"predecessor-version":[{"id":2060,"href":"https:\/\/ppp4.wroc.pl\/index.php\/wp-json\/wp\/v2\/pages\/2058\/revisions\/2060"}],"wp:attachment":[{"href":"https:\/\/ppp4.wroc.pl\/index.php\/wp-json\/wp\/v2\/media?parent=2058"}],"curies":[{"name":"wp","href":"https:\/\/api.w.org\/{rel}","templated":true}]}}