{"id":479,"date":"2020-11-05T18:47:52","date_gmt":"2020-11-05T17:47:52","guid":{"rendered":"http:\/\/ppp4.ppp9wro.hostilla.pl\/?page_id=479"},"modified":"2025-10-16T20:04:20","modified_gmt":"2025-10-16T18:04:20","slug":"warto-przeczytac","status":"publish","type":"page","link":"https:\/\/ppp4.wroc.pl\/index.php\/warto-przeczytac\/","title":{"rendered":"Nasze artyku\u0142y"},"content":{"rendered":"<div class=\"art-postcontent clearfix\">\n<div class=\"art-article\">\n<ul>\n<li><a href=\"\/wp-content\/uploads\/2025\/10\/Przejawy-specyficznych-trudnosci-w-uczeniu-sie-matematyki.docx\" target=\"_blank\" rel=\"noopener noreferrer\" data-wplink-edit=\"true\">Przejawy specyficznych trudno\u015bci w uczeniu si\u0119 matematyki do\u015bwiadczane przez dziecko.<\/a><\/li>\n<li><a href=\"\/wp-content\/uploads\/2020\/11\/Artykul-Jak-wspierac-dziecko-w-rozpoczeciu-edukacji-szkolnej.pdf\" target=\"_blank\" rel=\"noopener noreferrer\">Jak wspiera\u0107 dziecko w rozpocz\u0119ciu edukacji szkolnej?<\/a><\/li>\n<li><a href=\"\/wp-content\/uploads\/2020\/11\/I_Pawlikowska_Depresja_i_cialo.pdf\" target=\"_blank\" rel=\"noopener noreferrer\">Depresja &#8211; utrata kontaktu z rzeczywisto\u015bci\u0105 w\u0142asnego cia\u0142a<\/a><\/li>\n<li><a href=\"\/wp-content\/uploads\/2020\/11\/Dlaczego-dzieci.pdf\" target=\"_blank\" rel=\"noopener noreferrer\">Dlaczego dzieci p\u00f3\u017ano zaczynaj\u0105 m\u00f3wi\u0107 i co powinno zaniepokoi\u0107 rodzic\u00f3w?<\/a><\/li>\n<li><a href=\"\/wp-content\/uploads\/2020\/11\/okres-dorastania-DG.pdf\" target=\"_blank\" rel=\"noopener noreferrer\">Okres dorastania &#8211; Kryzysy Emocjonalne<\/a><\/li>\n<li><a href=\"\/wp-content\/uploads\/2020\/11\/Zastosowanie_mediacji_w_sytuacji_konfliktu_nastolatekrodzic.pdf\" target=\"_blank\" rel=\"noopener noreferrer\">Zastosowanie mediacji w sytuacji konfliktu nastolatek \u2013 rodzic<\/a><\/li>\n<li><a href=\"\/wp-content\/uploads\/2020\/11\/gry_planszowe_1.pdf\" target=\"_blank\" rel=\"noopener noreferrer\">Czy gry planszowe powinny odej\u015b\u0107 do lamusa ?<\/a><\/li>\n<li><a href=\"\/wp-content\/uploads\/2020\/11\/Samookaleczenie_JC.pdf\" target=\"_blank\" rel=\"noopener noreferrer\">Samookaleczenia-materia\u0142 informacyjny dla nauczycieli i pedagog\u00f3w szkolnych.<\/a><\/li>\n<li><a href=\"\/wp-content\/uploads\/2020\/11\/07-2019-Pawlikowska.pdf\" target=\"_blank\" rel=\"noopener noreferrer\">Bezr\u0119ka Dziewczyna &#8211; o zakorzenieniu si\u0119 w \u017cyciu<\/a><\/li>\n<li><a href=\"\/wp-content\/uploads\/2020\/11\/rozwoj_umiejtnoci_matematycznych_przedszkolakw-S.pdf\" target=\"_blank\" rel=\"noopener noreferrer\">&#8222;Rozw\u00f3j umiej\u0119tno\u015bci matematycznych dzieci przedszkolnych&#8221;<\/a><\/li>\n<li><a title=\"G\u0119siarka \u2013 o c\u00f3rce, kt\u00f3ra opuszcza gniazdo\" href=\"\/wp-content\/uploads\/2020\/11\/O_gesiarce.pdf\" target=\"_blank\" rel=\"noopener noreferrer\">G\u0119siarka \u2013 o c\u00f3rce, kt\u00f3ra opuszcza gniazdo<\/a><\/li>\n<\/ul>\n<hr \/>\n<ul>\n<li>Logopeda radzi 1-7<\/li>\n<\/ul>\n<hr \/>\n<ul>\n<li><a href=\"\/wp-content\/uploads\/2020\/11\/Ulotka_z_pomocami_do_koncentracji.pdf\" target=\"_blank\" rel=\"noopener noreferrer\">Gry i pomoce do \u0107wiczenia koncentracji dziecka<\/a><\/li>\n<li><a href=\"\/wp-content\/uploads\/2020\/11\/zapobieganie_niedostosowaniom_spolecznym.doc\" target=\"_blank\" rel=\"noopener noreferrer\">Rola poradni psychologiczno-pedagogicznej we wsparciu szk\u00f3\u0142 i plac\u00f3wek w zapobieganiu niedostosowaniom spo\u0142ecznym dzieci i m\u0142odzie\u017cy<\/a><\/li>\n<li><a href=\"\/wp-content\/uploads\/2020\/11\/koncentracja-uwagi.doc\">Jak \u0107wiczy\u0107 koncentracj\u0119 u dzieci<\/a><\/li>\n<li><a href=\"\/wp-content\/uploads\/2020\/11\/rozwoj_motoryki_precyzyjnej.doc\">Rozw\u00f3j motoryki precyzyjnej, a rozw\u00f3j mowy<\/a><\/li>\n<li><a href=\"\/wp-content\/uploads\/2020\/11\/moje_dziecko_jest_leworeczne.doc\">Moje dziecko jest lewor\u0119czne &#8211; jak mog\u0119 mu pom\u00f3c?<\/a><\/li>\n<li><a href=\"\/wp-content\/uploads\/2020\/11\/zestaw_cwiczen_dla_dzieci_leworecznych.doc\">Zestaw \u0107wicze\u0144 dla dzieci lewor\u0119cznych lub z op\u00f3\u017anionym procesem lateralizacji <\/a><\/li>\n<li><a href=\"\/wp-content\/uploads\/2020\/11\/cwiczenia_dloni_i_palcow.doc\">\u0106wiczenia d\u0142oni i palc\u00f3w przygotowujace do pisania<\/a><\/li>\n<li><a href=\"\/wp-content\/uploads\/2020\/11\/zapamietywanie.doc\">Czynniki sprzyjaj\u0105ce zapami\u0119tywaniu<\/a><\/li>\n<li><a href=\"\/wp-content\/uploads\/2020\/11\/kreatywne_pisanie.doc\">\u0106wiczenia w kreatywnym pisaniu &#8211; &#8222;kartki z pami\u0119tnika&#8221;<\/a><\/li>\n<\/ul>\n<hr \/>\n<ul>\n<li><a href=\"\/wp-content\/uploads\/2020\/11\/agresja.doc\">Agresja<\/a><\/li>\n<li><a href=\"\/wp-content\/uploads\/2020\/11\/mobbing_w_szkole.doc\">Mobbing w szkole<\/a><\/li>\n<li><a href=\"\/wp-content\/uploads\/2020\/11\/sekty.doc\">Sekty &#8211; czym s\u0105, jaki jest mechanizm rekrutacji, jak si\u0119 przed nimi ustrzec?<\/a><\/li>\n<li><a href=\"\/wp-content\/uploads\/2020\/11\/psychologiczne_aspekty_uzaleznien.doc\">Psychologiczne aspekty uzale\u017cnie\u0144. Problem nikotynowy<\/a><\/li>\n<li><a href=\"\/wp-content\/uploads\/2020\/11\/mediacja_w_szkole.doc\">Mediacja &#8211; dobry spos\u00f3b na rozwi\u0105zywanie konflikt\u00f3w w\u015br\u00f3d uczni\u00f3w<\/a><\/li>\n<li><a href=\"\/wp-content\/uploads\/2020\/11\/one_sa_wsrod_nas.doc\">One s\u0105 wsr\u00f3d nas &#8211; dzieci nauczane indywidualnie<\/a><\/li>\n<li><a href=\"\/wp-content\/uploads\/2020\/11\/strategia_wsparcia_i_pomocy_dziecku-.doc\">Strategia wsparcia i pomocy dziecku z przewlek\u0142\u0105 chorob\u0105 ze strony \u015brodowiska szkolnego<\/a><\/li>\n<li><a href=\"\/wp-content\/uploads\/2020\/11\/dziecko_w_sytuacji_rozstania_rodzicow.doc\">Dziecko w sytuacji rozstania rodzic\u00f3w<\/a><\/li>\n<\/ul>\n<\/div>\n<h2 class=\"art-postheader\">\u00a0<\/h2>\n<\/div>\n\n\n<p><\/p>\n","protected":false},"excerpt":{"rendered":"<p>Przejawy specyficznych trudno\u015bci w uczeniu si\u0119 matematyki do\u015bwiadczane przez dziecko. Jak wspiera\u0107 dziecko w rozpocz\u0119ciu edukacji szkolnej? Depresja &#8211; utrata kontaktu z rzeczywisto\u015bci\u0105 w\u0142asnego cia\u0142a Dlaczego dzieci p\u00f3\u017ano zaczynaj\u0105 m\u00f3wi\u0107 i co powinno zaniepokoi\u0107 rodzic\u00f3w? Okres dorastania &#8211; Kryzysy Emocjonalne<\/p>\n","protected":false},"author":3,"featured_media":0,"parent":0,"menu_order":0,"comment_status":"closed","ping_status":"closed","template":"","meta":{"footnotes":""},"class_list":["post-479","page","type-page","status-publish","hentry"],"rttpg_featured_image_url":null,"rttpg_author":{"display_name":"admin","author_link":"https:\/\/ppp4.wroc.pl\/index.php\/author\/admin\/"},"rttpg_comment":0,"rttpg_category":null,"rttpg_excerpt":"Przejawy specyficznych trudno\u015bci w uczeniu si\u0119 matematyki do\u015bwiadczane przez dziecko. Jak wspiera\u0107 dziecko w rozpocz\u0119ciu edukacji szkolnej? Depresja &#8211; utrata kontaktu z rzeczywisto\u015bci\u0105 w\u0142asnego cia\u0142a Dlaczego dzieci p\u00f3\u017ano zaczynaj\u0105 m\u00f3wi\u0107 i co powinno zaniepokoi\u0107 rodzic\u00f3w? Okres dorastania &#8211; Kryzysy Emocjonalne","_links":{"self":[{"href":"https:\/\/ppp4.wroc.pl\/index.php\/wp-json\/wp\/v2\/pages\/479","targetHints":{"allow":["GET"]}}],"collection":[{"href":"https:\/\/ppp4.wroc.pl\/index.php\/wp-json\/wp\/v2\/pages"}],"about":[{"href":"https:\/\/ppp4.wroc.pl\/index.php\/wp-json\/wp\/v2\/types\/page"}],"author":[{"embeddable":true,"href":"https:\/\/ppp4.wroc.pl\/index.php\/wp-json\/wp\/v2\/users\/3"}],"replies":[{"embeddable":true,"href":"https:\/\/ppp4.wroc.pl\/index.php\/wp-json\/wp\/v2\/comments?post=479"}],"version-history":[{"count":11,"href":"https:\/\/ppp4.wroc.pl\/index.php\/wp-json\/wp\/v2\/pages\/479\/revisions"}],"predecessor-version":[{"id":1971,"href":"https:\/\/ppp4.wroc.pl\/index.php\/wp-json\/wp\/v2\/pages\/479\/revisions\/1971"}],"wp:attachment":[{"href":"https:\/\/ppp4.wroc.pl\/index.php\/wp-json\/wp\/v2\/media?parent=479"}],"curies":[{"name":"wp","href":"https:\/\/api.w.org\/{rel}","templated":true}]}}