{"id":491,"date":"2020-11-08T12:05:51","date_gmt":"2020-11-08T11:05:51","guid":{"rendered":"http:\/\/ppp4.ppp9wro.hostilla.pl\/?page_id=491"},"modified":"2022-12-08T07:20:31","modified_gmt":"2022-12-08T06:20:31","slug":"punkty-konsultacyjne","status":"publish","type":"page","link":"https:\/\/ppp4.wroc.pl\/index.php\/punkty-konsultacyjne\/","title":{"rendered":"Punkty konsultacyjne"},"content":{"rendered":"<div class=\"art-postcontent clearfix\">\n<div class=\"art-article\">\n<p class=\"redbox-jck\"><strong>Punkt Porad dla Rodzin Plus<\/strong><\/p>\n<p>Punkt dzia\u0142a na terenie Poradni od roku szkolnego 2005\/2006 w ramach oferty wspierania rodzin wielodzietnych. Istotnym elementem wsparcia jest preferencyjny dost\u0119p do specjalist\u00f3w Poradni dla rodzin posiadaj\u0105cych wi\u0119cej ni\u017c dwoje dzieci. W ramach dzia\u0142alno\u015bci punktu realizowane s\u0105:<br \/>\n&#8211; indywidualne konsultacje specjalistyczne w Poradni dla rodzic\u00f3w dotycz\u0105ce zagadnie\u0144 trudno\u015bci dydaktycznych i wychowawczych dzieci<br \/>\n&#8211; diagnozy psychologiczno\u2013pedagogiczne pozwalaj\u0105ce na ocen\u0119 mo\u017cliwo\u015bci rozwojowych dziecka oraz ukierunkowuj\u0105ce post\u0119powanie z dzieckiem<br \/>\n&#8211; cykliczne spotkania instrukta\u017cowe dla rodzic\u00f3w ukierunkowuj\u0105ce prac\u0119 z dzie\u0107mi<br \/>\n&#8211; \u0107wiczenia usprawniaj\u0105ce dla dzieci ze specyficznymi trudno\u015bciami w uczeniu si\u0119<br \/>\n&#8211; spotkania konsultacyjno-doradcze dla rodzic\u00f3w na terenie szko\u0142y<\/p>\n<p class=\"redbox-jck\"><strong>Punkt Konsultacyjny dla Rodzin z Problemem Onkologicznym<\/strong><\/p>\n<p>Punkt dzia\u0142a od r. szk. 2006\/2007. Jest adresowany do wszystkich os\u00f3b poszukuj\u0105cych wsparcia psychologicznego w sytuacjach choroby nowotworowej dziecka lub choroby w rodzinie dziecka. Istot\u0105 dzia\u0142ania punktu jest wsparcie i pomoc psychologiczna w sytuacji kryzysu. Z porad w punkcie korzystaj\u0105:<br \/>\n&#8211; rodzice dzieci kwalifikowanych w Poradni do nauczania indywidualnego<br \/>\n&#8211; dzieci i m\u0142odzie\u017c po okresie leczenia i powrotu do nauki w warunkach szkolnych<br \/>\n&#8211; osoby doros\u0142e skierowane przez lekarza specjalist\u0119 w stanach za\u0142amania psychicznego wobec postawionej diagnozy<\/p>\n<p>Dzia\u0142alno\u015b\u0107 punktu w ramach indywidualnych porad poszerzona jest o profilaktyk\u0119 w formie: propagowania przez psychologa Poradni oferty program\u00f3w profilaktycznych promuj\u0105cych zdrowie w ramach konferencji szkoleniowych oraz wsp\u00f3\u0142pracy z organizacjami pozarz\u0105dowymi.<br \/>\nForm\u0105 profilaktyki w ramach punktu jest prowadzenie warsztat\u00f3w \u201eR\u00f3\u017cowa wst\u0105\u017ceczka\u201d<\/p>\n<p class=\"redbox-jck\"><strong>Punkt \u201eMediacje i porady &#8211; pomoc dla rodzic\u00f3w, m\u0142odzie\u017cy i nauczycieli w rozwi\u0105zywaniu konflikt\u00f3w\u201d<\/strong><\/p>\n<p>Punkt powo\u0142any zosta\u0142 na terenie Poradni w roku szkolnym 2007\/2008 celem prowadzenia nowej, skutecznej formy rozwi\u0105zywania konflikt\u00f3w przez profesjonalnie przygotowanych fachowc\u00f3w. Adresowany jest do os\u00f3b w konflikcie (m\u0142odzie\u017c i doro\u015bli), proponuj\u0105c im:<br \/>\n&#8211; okre\u015bli\u0107 kwestie sporne<br \/>\n&#8211; wyrazi\u0107 potrzeby i oczekiwania<br \/>\n&#8211; zmniejszy\u0107 bariery komunikacyjne<br \/>\n&#8211; opracowa\u0107 propozycje rozwi\u0105za\u0144<br \/>\n&#8211; zawrze\u0107 satysfakcjonuj\u0105ce rozwi\u0105zanie<br \/>\nZ pomocy w punkcie mediacji korzystaj\u0105 rodzice diagnozowanych w Poradni dzieci, kt\u00f3rzy pozostaj\u0105 w sytuacji konfliktu, separacji, rozwodu . Ich praca z mediatorami ukierunkowana jest m.in. na ustalenie rodzicielskiego planu wychowawczego, co s\u0142u\u017cy pomocy dziecku zg\u0142oszonemu do Poradni.<br \/>\nZ pomocy w punkcie korzystaj\u0105 tak\u017ce dyrektorzy i nauczyciele szk\u00f3\u0142 w sytuacjach konfliktu: nauczyciel \u2013 ucze\u0144, ucze\u0144 \u2013 ucze\u0144, nauczyciel \u2013 rodzic.<\/p>\n<p class=\"grebox-jck\"><strong>Dzia\u0142ania dora\u017ane i interwencyjne wymagaj\u0105ce pomocy i wsparcia specjalist\u00f3w poradni<\/strong><\/p>\n<p>\u00a0\u00a0\u00a0 Grupy Wsparcia dla nauczycieli oraz praca w ramach Grup Prewencyjnego Wsparcia w Szko\u0142ach.<br \/>\nUdzia\u0142 w Og\u00f3lnopolskim Tygodniu Kariery oraz Og\u00f3lnopolskim Dniu Bezp\u0142atnych Diagnoz Logopedycznych<br \/>\nKonsultacyjno-doradcze punkty na terenie szk\u00f3\u0142 i plac\u00f3wek<br \/>\nPopularyzacja wiedzy psychologicznej i pedagogicznej podczas konferencji<br \/>\nPomoc w rozwi\u0105zywaniu sytuacji kryzysowych w rodzinie oraz sytuacji trudnych konfliktowych w szko\u0142ach<\/p>\n<\/div>\n<\/div>\n","protected":false},"excerpt":{"rendered":"<p>Punkt Porad dla Rodzin Plus Punkt dzia\u0142a na terenie Poradni od roku szkolnego 2005\/2006 w ramach oferty wspierania rodzin wielodzietnych. Istotnym elementem wsparcia jest preferencyjny dost\u0119p do specjalist\u00f3w Poradni dla rodzin posiadaj\u0105cych wi\u0119cej ni\u017c dwoje dzieci. W ramach dzia\u0142alno\u015bci punktu<\/p>\n","protected":false},"author":3,"featured_media":0,"parent":0,"menu_order":0,"comment_status":"closed","ping_status":"closed","template":"","meta":{"footnotes":""},"class_list":["post-491","page","type-page","status-publish","hentry"],"rttpg_featured_image_url":null,"rttpg_author":{"display_name":"admin","author_link":"https:\/\/ppp4.wroc.pl\/index.php\/author\/admin\/"},"rttpg_comment":0,"rttpg_category":null,"rttpg_excerpt":"Punkt Porad dla Rodzin Plus Punkt dzia\u0142a na terenie Poradni od roku szkolnego 2005\/2006 w ramach oferty wspierania rodzin wielodzietnych. Istotnym elementem wsparcia jest preferencyjny dost\u0119p do specjalist\u00f3w Poradni dla rodzin posiadaj\u0105cych wi\u0119cej ni\u017c dwoje dzieci. W ramach dzia\u0142alno\u015bci punktu","_links":{"self":[{"href":"https:\/\/ppp4.wroc.pl\/index.php\/wp-json\/wp\/v2\/pages\/491","targetHints":{"allow":["GET"]}}],"collection":[{"href":"https:\/\/ppp4.wroc.pl\/index.php\/wp-json\/wp\/v2\/pages"}],"about":[{"href":"https:\/\/ppp4.wroc.pl\/index.php\/wp-json\/wp\/v2\/types\/page"}],"author":[{"embeddable":true,"href":"https:\/\/ppp4.wroc.pl\/index.php\/wp-json\/wp\/v2\/users\/3"}],"replies":[{"embeddable":true,"href":"https:\/\/ppp4.wroc.pl\/index.php\/wp-json\/wp\/v2\/comments?post=491"}],"version-history":[{"count":4,"href":"https:\/\/ppp4.wroc.pl\/index.php\/wp-json\/wp\/v2\/pages\/491\/revisions"}],"predecessor-version":[{"id":1435,"href":"https:\/\/ppp4.wroc.pl\/index.php\/wp-json\/wp\/v2\/pages\/491\/revisions\/1435"}],"wp:attachment":[{"href":"https:\/\/ppp4.wroc.pl\/index.php\/wp-json\/wp\/v2\/media?parent=491"}],"curies":[{"name":"wp","href":"https:\/\/api.w.org\/{rel}","templated":true}]}}