{"id":8,"date":"2020-08-29T10:42:57","date_gmt":"2020-08-29T08:42:57","guid":{"rendered":"http:\/\/ppp4.ppp9wro.hostilla.pl\/?page_id=8"},"modified":"2020-11-27T18:04:26","modified_gmt":"2020-11-27T17:04:26","slug":"o-nas","status":"publish","type":"page","link":"https:\/\/ppp4.wroc.pl\/index.php\/poradnia\/o-nas\/","title":{"rendered":"O nas"},"content":{"rendered":"\n<p>Nasza Poradnia stanowi jedno z ogniw w systemie o\u015bwiaty, kt\u00f3rego istot\u0105 jest niesienie pomocy i wsparcia psychologiczno\u2013pedagogicznego dziecku i jego rodzinie. W realizacji zada\u0144 wynikaj\u0105cych z obowi\u0105zuj\u0105cych akt\u00f3w prawnych wspiera tak\u017ce dzia\u0142ania edukacyjno\u2013wychowawcze nauczycieli na terenie szk\u00f3\u0142 i plac\u00f3wek o\u015bwiatowych.<br><br>Poradnia ma pod opiek\u0105 130 przedszkoli, szk\u00f3\u0142 i plac\u00f3wek o\u015bwiatowych oraz 30 000 dzieci.<\/p>\n\n\n\n<p><strong>Nasi pracownicy to:<\/strong><\/p>\n\n\n\n<ul class=\"wp-block-list\"><li>psycholodzy<\/li><li>pedagodzy<\/li><li>logopedzi<\/li><li>pracownicy administracji i obs\u0142ugi<\/li><\/ul>\n\n\n\n<div class=\"wp-block-file\"><a href=\"http:\/\/ppp4.wroc.pl\/wp-content\/uploads\/2020\/11\/STATUT_2013.pdf\">Statut Poradni Psychologiczno-Pedagogicznej nr 4<\/a><a href=\"http:\/\/ppp4.wroc.pl\/wp-content\/uploads\/2020\/11\/STATUT_2013.pdf\" class=\"wp-block-file__button\" download>Pobierz<\/a><\/div>\n\n\n\n<p><\/p>\n","protected":false},"excerpt":{"rendered":"<p>Nasza Poradnia stanowi jedno z ogniw w systemie o\u015bwiaty, kt\u00f3rego istot\u0105 jest niesienie pomocy i wsparcia psychologiczno\u2013pedagogicznego dziecku i jego rodzinie. W realizacji zada\u0144 wynikaj\u0105cych z obowi\u0105zuj\u0105cych akt\u00f3w prawnych wspiera tak\u017ce dzia\u0142ania edukacyjno\u2013wychowawcze nauczycieli na terenie szk\u00f3\u0142 i plac\u00f3wek o\u015bwiatowych.<\/p>\n","protected":false},"author":3,"featured_media":0,"parent":6,"menu_order":0,"comment_status":"closed","ping_status":"closed","template":"","meta":{"footnotes":""},"class_list":["post-8","page","type-page","status-publish","hentry"],"rttpg_featured_image_url":null,"rttpg_author":{"display_name":"admin","author_link":"https:\/\/ppp4.wroc.pl\/index.php\/author\/admin\/"},"rttpg_comment":0,"rttpg_category":null,"rttpg_excerpt":"Nasza Poradnia stanowi jedno z ogniw w systemie o\u015bwiaty, kt\u00f3rego istot\u0105 jest niesienie pomocy i wsparcia psychologiczno\u2013pedagogicznego dziecku i jego rodzinie. W realizacji zada\u0144 wynikaj\u0105cych z obowi\u0105zuj\u0105cych akt\u00f3w prawnych wspiera tak\u017ce dzia\u0142ania edukacyjno\u2013wychowawcze nauczycieli na terenie szk\u00f3\u0142 i plac\u00f3wek o\u015bwiatowych.","_links":{"self":[{"href":"https:\/\/ppp4.wroc.pl\/index.php\/wp-json\/wp\/v2\/pages\/8","targetHints":{"allow":["GET"]}}],"collection":[{"href":"https:\/\/ppp4.wroc.pl\/index.php\/wp-json\/wp\/v2\/pages"}],"about":[{"href":"https:\/\/ppp4.wroc.pl\/index.php\/wp-json\/wp\/v2\/types\/page"}],"author":[{"embeddable":true,"href":"https:\/\/ppp4.wroc.pl\/index.php\/wp-json\/wp\/v2\/users\/3"}],"replies":[{"embeddable":true,"href":"https:\/\/ppp4.wroc.pl\/index.php\/wp-json\/wp\/v2\/comments?post=8"}],"version-history":[{"count":4,"href":"https:\/\/ppp4.wroc.pl\/index.php\/wp-json\/wp\/v2\/pages\/8\/revisions"}],"predecessor-version":[{"id":569,"href":"https:\/\/ppp4.wroc.pl\/index.php\/wp-json\/wp\/v2\/pages\/8\/revisions\/569"}],"up":[{"embeddable":true,"href":"https:\/\/ppp4.wroc.pl\/index.php\/wp-json\/wp\/v2\/pages\/6"}],"wp:attachment":[{"href":"https:\/\/ppp4.wroc.pl\/index.php\/wp-json\/wp\/v2\/media?parent=8"}],"curies":[{"name":"wp","href":"https:\/\/api.w.org\/{rel}","templated":true}]}}